{"id":2184,"date":"2025-05-29T22:05:41","date_gmt":"2025-05-29T20:05:41","guid":{"rendered":"https:\/\/jubiontour.de\/?page_id=2184"},"modified":"2025-07-13T18:53:54","modified_gmt":"2025-07-13T16:53:54","slug":"england-2025","status":"publish","type":"page","link":"https:\/\/jubiontour.de\/?page_id=2184","title":{"rendered":"England 2025"},"content":{"rendered":"<div class=\"pt-cv-wrapper\"><div class=\"pt-cv-view pt-cv-blockgrid iscvblock iscvhybrid list1 layout1\" id=\"pt-cv-view-7122ff2nv5\"><div data-id=\"pt-cv-page-1\" class=\"pt-cv-page\" data-cvc=\"2\"><div class=\" pt-cv-content-item pt-cv-2-col\" ><h4 class=\"pt-cv-title\"><a href=\"https:\/\/jubiontour.de\/?p=2151\" class=\"_self\" target=\"_self\" >2025 gib es noch einmal eine Arbeits-\/Sport-Reise<\/a><\/h4>\n<div class=\"pt-cv-content\">Moin, Hallo, Hello and welcome liebe treue Leserschaft! Sicherlich habt ihr schon gewartet auf einen Bericht von uns .... waaaas etwa nicht?! \ud83d\ude41 Letztes Jahr sind wir ja \u00fcber den gro\u00dfen Teich geflogen, dieses Jahr geht es nur kurz \u00fcber den Kanal bzw. duch die Nordsee. Tja, wie Ihr an ...<br \/><div class=\"pt-cv-rmwrap\"><a href=\"https:\/\/jubiontour.de\/?p=2151\" class=\"_self pt-cv-readmore btn btn-success\" target=\"_self\">Weiterlesen\u00a0\u2026<\/a><\/div><\/div>\n<div class=\"pt-cv-meta-fields\"><span class=\"entry-date\"> <time datetime=\"2025-05-10T11:59:55+02:00\">Samstag, 10. Mai 2025<\/time><\/span><span> \/ <\/span><span class=\"terms\"> <a href='https:\/\/jubiontour.de\/?cat=64' title='2025 Canals' class='pt-cv-tax-2025-englische-canals-grossbritannien'>2025 Canals<\/a><\/span><\/div><\/div>\n<div class=\" pt-cv-content-item pt-cv-2-col\" ><h4 class=\"pt-cv-title\"><a href=\"https:\/\/jubiontour.de\/?p=2187\" class=\"_self\" target=\"_self\" >Es ist wohl an der Zeit &#8230;<\/a><\/h4>\n<div class=\"pt-cv-content\">... das wir uns mal wieder melden, oder? Jetzt, wo ich diese Zeilen schreibe sind wir seit einer Woche auf Reisen und befanden uns um diese Zeit gerade auf der etwas ruppigen Nordsee! Jo, es war schon etwas schaukelig, diese \u00dcberfahrt. Hat uns aber gefallen, so wussten wir wenigstens, dass ...<br \/><div class=\"pt-cv-rmwrap\"><a href=\"https:\/\/jubiontour.de\/?p=2187\" class=\"_self pt-cv-readmore btn btn-success\" target=\"_self\">Weiterlesen\u00a0\u2026<\/a><\/div><\/div>\n<div class=\"pt-cv-meta-fields\"><span class=\"entry-date\"> <time datetime=\"2025-05-29T23:01:15+02:00\">Donnerstag, 29. Mai 2025<\/time><\/span><span> \/ <\/span><span class=\"terms\"> <a href='https:\/\/jubiontour.de\/?cat=64' title='2025 Canals' class='pt-cv-tax-2025-englische-canals-grossbritannien'>2025 Canals<\/a>, <a href='https:\/\/jubiontour.de\/?cat=65' title='2025 die 1. Woche' class='pt-cv-tax-2025-die-1-woche'>2025 die 1. Woche<\/a><\/span><\/div><\/div>\n<div class=\" pt-cv-content-item pt-cv-2-col\" ><h4 class=\"pt-cv-title\"><a href=\"https:\/\/jubiontour.de\/?p=2195\" class=\"_self\" target=\"_self\" >Zeit f\u00fcr eine Nachlese der ersten Woche<\/a><\/h4>\n<div class=\"pt-cv-content\">Heute ist Dienstag, der 3. Juni 2025. Es ist f\u00fcr den Vormittag Regen angesagt, daher haben wir beschlossen, jetzt liegen zu bleiben bis das Regengebiet \u00fcber uns weggezogen ist. Eine gute Gelegenheit f\u00fcr einen kurzen R\u00fcckblick. Wir haben gestern den \"Trent &amp; Mersey Canal\" verlassen. \u00a0 wir passieren die 1 ...<br \/><div class=\"pt-cv-rmwrap\"><a href=\"https:\/\/jubiontour.de\/?p=2195\" class=\"_self pt-cv-readmore btn btn-success\" target=\"_self\">Weiterlesen\u00a0\u2026<\/a><\/div><\/div>\n<div class=\"pt-cv-meta-fields\"><span class=\"entry-date\"> <time datetime=\"2025-06-03T12:36:49+02:00\">Dienstag, 3. Juni 2025<\/time><\/span><span> \/ <\/span><span class=\"terms\"> <a href='https:\/\/jubiontour.de\/?cat=64' title='2025 Canals' class='pt-cv-tax-2025-englische-canals-grossbritannien'>2025 Canals<\/a>, <a href='https:\/\/jubiontour.de\/?cat=65' title='2025 die 1. Woche' class='pt-cv-tax-2025-die-1-woche'>2025 die 1. Woche<\/a><\/span><\/div><\/div>\n<div class=\" pt-cv-content-item pt-cv-2-col\" ><h4 class=\"pt-cv-title\"><a href=\"https:\/\/jubiontour.de\/?p=2207\" class=\"_self\" target=\"_self\" >Roomtour<\/a><\/h4>\n<div class=\"pt-cv-content\">So, hier jetzt endlich die versprochene Tour durchs Boot. Dass es sich um ein Boot der \"Alvechurch Wren\" Klasse handelt, habe ich ja schon im Eingangsartikel geschrieben. Es ist die Aus der Beschreibung: \" <em>The Wren is a 49ft Semi-Trad stern narrowboat that is part of our 'Alvechurch Fleet'. It ...<br \/><div class=\"pt-cv-rmwrap\"><a href=\"https:\/\/jubiontour.de\/?p=2207\" class=\"_self pt-cv-readmore btn btn-success\" target=\"_self\">Weiterlesen\u00a0\u2026<\/a><\/div><\/em><\/div>\n<div class=\"pt-cv-meta-fields\"><span class=\"entry-date\"> <time datetime=\"2025-06-03T22:17:39+02:00\">Dienstag, 3. Juni 2025<\/time><\/span><span> \/ <\/span><span class=\"terms\"> <a href='https:\/\/jubiontour.de\/?cat=64' title='2025 Canals' class='pt-cv-tax-2025-englische-canals-grossbritannien'>2025 Canals<\/a><\/span><\/div><\/div>\n<div class=\" pt-cv-content-item pt-cv-2-col\" ><h4 class=\"pt-cv-title\"><a href=\"https:\/\/jubiontour.de\/?p=2240\" class=\"_self\" target=\"_self\" >Das Abenteuer ist da!<\/a><\/h4>\n<div class=\"pt-cv-content\">JA! Jetzt ist es also passiert - es hat uns erwischt \ud83d\ude41<br \/>Wir haben heute Nachmittag gegen 16:00 Uhr wie geplant die <br \/><br \/> erreicht! Dort angekommen, war ja wie erwartet alles voll mit Booten, die Liegepl\u00e4tze alle belegt bzw. reserviert.<br \/>Also haben wir einen kleinen Augenblick vor den Schleusen rumged\u00fcmpelt, bis ein ...<br \/><div class=\"pt-cv-rmwrap\"><a href=\"https:\/\/jubiontour.de\/?p=2240\" class=\"_self pt-cv-readmore btn btn-success\" target=\"_self\">Weiterlesen\u00a0\u2026<\/a><\/div><\/div>\n<div class=\"pt-cv-meta-fields\"><span class=\"entry-date\"> <time datetime=\"2025-06-06T22:07:05+02:00\">Freitag, 6. Juni 2025<\/time><\/span><span> \/ <\/span><span class=\"terms\"> <a href='https:\/\/jubiontour.de\/?cat=64' title='2025 Canals' class='pt-cv-tax-2025-englische-canals-grossbritannien'>2025 Canals<\/a>, <a href='https:\/\/jubiontour.de\/?cat=66' title='2025 die 2. Woche' class='pt-cv-tax-2025-die-2-woche'>2025 die 2. Woche<\/a><\/span><\/div><\/div>\n<div class=\" pt-cv-content-item pt-cv-2-col\" ><h4 class=\"pt-cv-title\"><a href=\"https:\/\/jubiontour.de\/?p=2248\" class=\"_self\" target=\"_self\" >Sonnabend, 8 Uhr<\/a><\/h4>\n<div class=\"pt-cv-content\">Wir sind durch! Sind gegen 7 Uhr langsam an die Schleuse getrieben und da liefen schon diverse Lock-keeper rum. Wir wurden sofort durchgewunken und runter geschleust. Jetzt liegen wir ein St\u00fcckchen weiter und fr\u00fchst\u00fccken erstmal. Bis sp\u00e4ter <a href=\"https:\/\/jubiontour.de\/wp-content\/uploads\/2025\/06\/20250607_074431-scaled.jpg\"><\/a> ...<br \/><div class=\"pt-cv-rmwrap\"><a href=\"https:\/\/jubiontour.de\/?p=2248\" class=\"_self pt-cv-readmore btn btn-success\" target=\"_self\">Weiterlesen\u00a0\u2026<\/a><\/div><\/div>\n<div class=\"pt-cv-meta-fields\"><span class=\"entry-date\"> <time datetime=\"2025-06-07T09:35:55+02:00\">Samstag, 7. Juni 2025<\/time><\/span><span> \/ <\/span><span class=\"terms\"> <a href='https:\/\/jubiontour.de\/?cat=64' title='2025 Canals' class='pt-cv-tax-2025-englische-canals-grossbritannien'>2025 Canals<\/a>, <a href='https:\/\/jubiontour.de\/?cat=66' title='2025 die 2. Woche' class='pt-cv-tax-2025-die-2-woche'>2025 die 2. Woche<\/a><\/span><\/div><\/div>\n<div class=\" pt-cv-content-item pt-cv-2-col\" ><h4 class=\"pt-cv-title\"><a href=\"https:\/\/jubiontour.de\/?p=2251\" class=\"_self\" target=\"_self\" >Mittag unter s\u00fcdlicher Sonne<\/a><\/h4>\n<div class=\"pt-cv-content\">So h\u00e4tte man unsere Mittagspause heute umschreiben k\u00f6nnen Heute hatten wir strahlenden Sonnenschein den ganzen Tag, gestern Abend haben wir mitten in Leicester Station gemacht. An einem Areal, das Abends, wenn die B\u00fcros zu sind, abgeschlossen wird. Sodass also auch keiner sich auf dem Steg rumtreiben kann. Nachdem wir einen ...<br \/><div class=\"pt-cv-rmwrap\"><a href=\"https:\/\/jubiontour.de\/?p=2251\" class=\"_self pt-cv-readmore btn btn-success\" target=\"_self\">Weiterlesen\u00a0\u2026<\/a><\/div><\/div>\n<div class=\"pt-cv-meta-fields\"><span class=\"entry-date\"> <time datetime=\"2025-06-10T22:29:23+02:00\">Dienstag, 10. Juni 2025<\/time><\/span><span> \/ <\/span><span class=\"terms\"> <a href='https:\/\/jubiontour.de\/?cat=64' title='2025 Canals' class='pt-cv-tax-2025-englische-canals-grossbritannien'>2025 Canals<\/a>, <a href='https:\/\/jubiontour.de\/?cat=69' title='2025 die 3. Woche' class='pt-cv-tax-2025-die-3-woche'>2025 die 3. Woche<\/a><\/span><\/div><\/div>\n<div class=\" pt-cv-content-item pt-cv-2-col\" ><h4 class=\"pt-cv-title\"><a href=\"https:\/\/jubiontour.de\/?p=2263\" class=\"_self\" target=\"_self\" >Foxton Locks<\/a><\/h4>\n<div class=\"pt-cv-content\">Nachdem wir ja die Foxton Locks 2 x passiert haben (einmal rauf und einmal runter) hier ein paar Bilder und Worte zu den Locks. Die Foxton Locks wurden von 1810 bis 1813 gebaut und am 1. Oktober 1813 er\u00f6ffnet. Sie bestehen aus 2x 5 Treppenschleusen. Die 5 gehen jeweils ineinander ...<br \/><div class=\"pt-cv-rmwrap\"><a href=\"https:\/\/jubiontour.de\/?p=2263\" class=\"_self pt-cv-readmore btn btn-success\" target=\"_self\">Weiterlesen\u00a0\u2026<\/a><\/div><\/div>\n<div class=\"pt-cv-meta-fields\"><span class=\"entry-date\"> <time datetime=\"2025-06-11T20:38:34+02:00\">Mittwoch, 11. Juni 2025<\/time><\/span><span> \/ <\/span><span class=\"terms\"> <a href='https:\/\/jubiontour.de\/?cat=64' title='2025 Canals' class='pt-cv-tax-2025-englische-canals-grossbritannien'>2025 Canals<\/a>, <a href='https:\/\/jubiontour.de\/?cat=66' title='2025 die 2. Woche' class='pt-cv-tax-2025-die-2-woche'>2025 die 2. Woche<\/a><\/span><\/div><\/div>\n<div class=\" pt-cv-content-item pt-cv-2-col\" ><h4 class=\"pt-cv-title\"><a href=\"https:\/\/jubiontour.de\/?p=2272\" class=\"_self\" target=\"_self\" >Heute etwas technisches<\/a><\/h4>\n<div class=\"pt-cv-content\">Heute mussten wir endlich mal unsere Toilette leeren. Daf\u00fcr haben wir uns eine Marina ausgesucht, die wir schon kannten \ud83d\ude42 ... und wer jetzt noch rausfindet, woher wir die kennen und das pendent zu diesem Bild findet, naja der bekommt einen Daumen hoch \ud83d\ude42 durch diese \"hohle Gasse\" mussten wir ...<br \/><div class=\"pt-cv-rmwrap\"><a href=\"https:\/\/jubiontour.de\/?p=2272\" class=\"_self pt-cv-readmore btn btn-success\" target=\"_self\">Weiterlesen\u00a0\u2026<\/a><\/div><\/div>\n<div class=\"pt-cv-meta-fields\"><span class=\"entry-date\"> <time datetime=\"2025-06-14T22:08:55+02:00\">Samstag, 14. Juni 2025<\/time><\/span><span> \/ <\/span><span class=\"terms\"> <a href='https:\/\/jubiontour.de\/?cat=64' title='2025 Canals' class='pt-cv-tax-2025-englische-canals-grossbritannien'>2025 Canals<\/a>, <a href='https:\/\/jubiontour.de\/?cat=69' title='2025 die 3. Woche' class='pt-cv-tax-2025-die-3-woche'>2025 die 3. Woche<\/a><\/span><\/div><\/div>\n<div class=\" pt-cv-content-item pt-cv-2-col\" ><h4 class=\"pt-cv-title\"><a href=\"https:\/\/jubiontour.de\/?p=2276\" class=\"_self\" target=\"_self\" >Wo sind wir eigentlich genau<\/a><\/h4>\n<div class=\"pt-cv-content\">Tja und da heute Sonntag ist, sollt Ihr noch einen Beitrag bekommen. <br \/>Hier mal ein paar Worte zur Planung, zum aktuellen Ist-Zustand und eine Karte, damit ihr uns mindestens ein bisschen auf der Insel einordnen k\u00f6nnt. Fangen wir an mit der Planung, die ich im ersten Beitrag des Blocks schon ...<br \/><div class=\"pt-cv-rmwrap\"><a href=\"https:\/\/jubiontour.de\/?p=2276\" class=\"_self pt-cv-readmore btn btn-success\" target=\"_self\">Weiterlesen\u00a0\u2026<\/a><\/div><\/div>\n<div class=\"pt-cv-meta-fields\"><span class=\"entry-date\"> <time datetime=\"2025-06-15T09:57:46+02:00\">Sonntag, 15. Juni 2025<\/time><\/span><span> \/ <\/span><span class=\"terms\"> <a href='https:\/\/jubiontour.de\/?cat=64' title='2025 Canals' class='pt-cv-tax-2025-englische-canals-grossbritannien'>2025 Canals<\/a>, <a href='https:\/\/jubiontour.de\/?cat=69' title='2025 die 3. Woche' class='pt-cv-tax-2025-die-3-woche'>2025 die 3. Woche<\/a><\/span><\/div><\/div>\n<div class=\" pt-cv-content-item pt-cv-2-col\" ><h4 class=\"pt-cv-title\"><a href=\"https:\/\/jubiontour.de\/?p=2291\" class=\"_self\" target=\"_self\" >Wie geht es weiter?<\/a><\/h4>\n<div class=\"pt-cv-content\">Im letzten Artikel hatte ich euch ja die Route vorgestellt und auch gesagt, es gibt noch eine Entscheidung zu f\u00e4llen. OK - diese Entscheidung ist gefallen! Wir fahren den \"Four Counties Ring\" unten rum zur\u00fcck. Gestern sind wir hier \u00a0 in den \"Shropshire &amp; Worcestershire Canal\" eingebogen. Heute dann in ...<br \/><div class=\"pt-cv-rmwrap\"><a href=\"https:\/\/jubiontour.de\/?p=2291\" class=\"_self pt-cv-readmore btn btn-success\" target=\"_self\">Weiterlesen\u00a0\u2026<\/a><\/div><\/div>\n<div class=\"pt-cv-meta-fields\"><span class=\"entry-date\"> <time datetime=\"2025-06-18T23:35:44+02:00\">Mittwoch, 18. Juni 2025<\/time><\/span><span> \/ <\/span><span class=\"terms\"> <a href='https:\/\/jubiontour.de\/?cat=64' title='2025 Canals' class='pt-cv-tax-2025-englische-canals-grossbritannien'>2025 Canals<\/a>, <a href='https:\/\/jubiontour.de\/?cat=68' title='2025 die 4. Woche' class='pt-cv-tax-2025-die-4-woche'>2025 die 4. Woche<\/a><\/span><\/div><\/div>\n<div class=\" pt-cv-content-item pt-cv-2-col\" ><h4 class=\"pt-cv-title\"><a href=\"https:\/\/jubiontour.de\/?p=2300\" class=\"_self\" target=\"_self\" >Zum Wochenende &#8230;<\/a><\/h4>\n<div class=\"pt-cv-content\">...und zum Ende der 4. Woche einfach ein paar Bilder der letzten Tage f\u00fcr Euch! Viel Spass beim Angucken ( auch wenn sie evtl. wieder springen \ud83d\ude09 \ud83d\ude09 ) ...<br \/><div class=\"pt-cv-rmwrap\"><a href=\"https:\/\/jubiontour.de\/?p=2300\" class=\"_self pt-cv-readmore btn btn-success\" target=\"_self\">Weiterlesen\u00a0\u2026<\/a><\/div><\/div>\n<div class=\"pt-cv-meta-fields\"><span class=\"entry-date\"> <time datetime=\"2025-06-20T23:00:31+02:00\">Freitag, 20. Juni 2025<\/time><\/span><span> \/ <\/span><span class=\"terms\"> <a href='https:\/\/jubiontour.de\/?cat=64' title='2025 Canals' class='pt-cv-tax-2025-englische-canals-grossbritannien'>2025 Canals<\/a>, <a href='https:\/\/jubiontour.de\/?cat=68' title='2025 die 4. Woche' class='pt-cv-tax-2025-die-4-woche'>2025 die 4. Woche<\/a><\/span><\/div><\/div>\n<div class=\" pt-cv-content-item pt-cv-2-col\" ><h4 class=\"pt-cv-title\"><a href=\"https:\/\/jubiontour.de\/?p=2308\" class=\"_self\" target=\"_self\" >Harecastle Tunnel<\/a><\/h4>\n<div class=\"pt-cv-content\">In der ersten Woche hatte ich euch ja schon einen Bericht von dem Harecastle Tunnel versprochen.<br \/>Heute ist so ein Tag, mit Schauern aufgewacht, dann wurden uns aus Irland die Schauer auch noch r\u00fcber geschickt, sodass wir jetzt schon um 16 Uhr f\u00fcr die Nacht uns hingelegt haben. Morgen bricht dann ...<br \/><div class=\"pt-cv-rmwrap\"><a href=\"https:\/\/jubiontour.de\/?p=2308\" class=\"_self pt-cv-readmore btn btn-success\" target=\"_self\">Weiterlesen\u00a0\u2026<\/a><\/div><\/div>\n<div class=\"pt-cv-meta-fields\"><span class=\"entry-date\"> <time datetime=\"2025-06-22T20:02:55+02:00\">Sonntag, 22. Juni 2025<\/time><\/span><span> \/ <\/span><span class=\"terms\"> <a href='https:\/\/jubiontour.de\/?cat=64' title='2025 Canals' class='pt-cv-tax-2025-englische-canals-grossbritannien'>2025 Canals<\/a>, <a href='https:\/\/jubiontour.de\/?cat=65' title='2025 die 1. Woche' class='pt-cv-tax-2025-die-1-woche'>2025 die 1. Woche<\/a><\/span><\/div><\/div>\n<div class=\" pt-cv-content-item pt-cv-2-col\" ><h4 class=\"pt-cv-title\"><a href=\"https:\/\/jubiontour.de\/?p=2317\" class=\"_self\" target=\"_self\" >Anlegen?<\/a><\/h4>\n<div class=\"pt-cv-content\">Moin liebe Leserschaft, so, mit diesem vorletzten Beitrag m\u00f6chte ich noch ein paar Informationen r\u00fcberbringen. Vielleicht hat sich der eine oder andere ja schon mal gefragt, wo liegen die Beiden eigentlich \u00fcber Nacht oder zum Mittagessen? Wie legen die eigentlich an? Es gibt insgesamt 5 M\u00f6glichkeiten. Davon 3 gute, 1 ...<br \/><div class=\"pt-cv-rmwrap\"><a href=\"https:\/\/jubiontour.de\/?p=2317\" class=\"_self pt-cv-readmore btn btn-success\" target=\"_self\">Weiterlesen\u00a0\u2026<\/a><\/div><\/div>\n<div class=\"pt-cv-meta-fields\"><span class=\"entry-date\"> <time datetime=\"2025-06-24T20:20:27+02:00\">Dienstag, 24. Juni 2025<\/time><\/span><span> \/ <\/span><span class=\"terms\"> <a href='https:\/\/jubiontour.de\/?cat=64' title='2025 Canals' class='pt-cv-tax-2025-englische-canals-grossbritannien'>2025 Canals<\/a><\/span><\/div><\/div><\/div><\/div><\/div>\t\t\t<style type=\"text\/css\" id=\"pt-cv-inline-style-b18958d6ws\">\n#pt-cv-view-7122ff2nv5 .pt-cv-thumb-wrapper:not(.miniwrap) { width: 40%; }#pt-cv-view-7122ff2nv5 .pt-cv-thumbnail:not(.pt-cv-thumbnailsm) { height: 300px; }#pt-cv-view-7122ff2nv5 > .pt-cv-page {grid-template-columns: repeat(2, 1fr);grid-gap: 15px;}\n@media all and (max-width: 1024px) { \n#pt-cv-view-7122ff2nv5 > .pt-cv-page {grid-template-columns: repeat(1, 1fr);}\n} \n@media all and (max-width: 767px) { \n#pt-cv-view-7122ff2nv5 > .pt-cv-page {grid-template-columns: repeat(1, 1fr);}\n} <\/style>\r\n\t\t\t\n","protected":false},"excerpt":{"rendered":"","protected":false},"author":1,"featured_media":0,"parent":0,"menu_order":0,"comment_status":"closed","ping_status":"closed","template":"","meta":{"colormag_page_container_layout":"no_sidebar_full_width","colormag_page_sidebar_layout":"right_sidebar","footnotes":""},"class_list":["post-2184","page","type-page","status-publish","hentry"],"_links":{"self":[{"href":"https:\/\/jubiontour.de\/index.php?rest_route=\/wp\/v2\/pages\/2184","targetHints":{"allow":["GET"]}}],"collection":[{"href":"https:\/\/jubiontour.de\/index.php?rest_route=\/wp\/v2\/pages"}],"about":[{"href":"https:\/\/jubiontour.de\/index.php?rest_route=\/wp\/v2\/types\/page"}],"author":[{"embeddable":true,"href":"https:\/\/jubiontour.de\/index.php?rest_route=\/wp\/v2\/users\/1"}],"replies":[{"embeddable":true,"href":"https:\/\/jubiontour.de\/index.php?rest_route=%2Fwp%2Fv2%2Fcomments&post=2184"}],"version-history":[{"count":3,"href":"https:\/\/jubiontour.de\/index.php?rest_route=\/wp\/v2\/pages\/2184\/revisions"}],"predecessor-version":[{"id":2353,"href":"https:\/\/jubiontour.de\/index.php?rest_route=\/wp\/v2\/pages\/2184\/revisions\/2353"}],"wp:attachment":[{"href":"https:\/\/jubiontour.de\/index.php?rest_route=%2Fwp%2Fv2%2Fmedia&parent=2184"}],"curies":[{"name":"wp","href":"https:\/\/api.w.org\/{rel}","templated":true}]}}