{"id":2428,"date":"2025-09-22T14:03:54","date_gmt":"2025-09-22T12:03:54","guid":{"rendered":"https:\/\/jubiontour.de\/?page_id=2428"},"modified":"2026-04-29T17:27:26","modified_gmt":"2026-04-29T15:27:26","slug":"australien-2026","status":"publish","type":"page","link":"https:\/\/jubiontour.de\/","title":{"rendered":"Australien 2026"},"content":{"rendered":"<div class='pt-cv-wrapper'> <div class=\"pt-cv-view pt-cv-blockgrid iscvblock iscvreal grid1 layout2\" id=\"pt-cv-view-4l9usfms\"><div data-id=\"pt-cv-page-1\" class=\"pt-cv-page\" data-cvc=\"1\"><div class=\" pt-cv-content-item pt-cv-1-col\" ><div class=\"pt-cv-taxoterm above_title\"><a href='https:\/\/jubiontour.de\/?cat=72' title='2026 - AUS die 2. Woche' class='pt-cv-tax-2026-aus-die-2-woche'>2026 &#8211; AUS die 2. Woche<\/a><a href='https:\/\/jubiontour.de\/?cat=70' title='2026 - Australien' class='pt-cv-tax-2026-australien'>2026 &#8211; Australien<\/a><\/div>\n<h4 class=\"pt-cv-title\"><a href=\"https:\/\/jubiontour.de\/?p=2511\" class=\"_self\" target=\"_self\" >Hoch hinaus<\/a><\/h4>\n<div class=\"pt-cv-content\">Da war ja noch was auf dem Weg hier nach Kalgoorlie \ud83d\ude42 Wir haben uns hinauf in die Baumkronen geschwungen.Und zwar haben wir in den &#8222;Valley of the Giants&#8220; den &#8222;Tree Top Walk&#8220; besucht. \u00dcber mehrere Stege ging es hoch bis auf 40 Meter. Immer mit dem Hinweis &#8222;Max 10 Personen per Steg&#8220; und Max 15 Personen auf einer Platform&#8220;! Endlich hatten wir die h\u00f6chste Stelle erreicht und danach ging es wieder runter. noch 1 bis 2 Blicke zur\u00fcck &#8211; und die Erde hatte uns wieder! Und hier jetzt in der Diaschau die Blicke in, auf und \u00fcber die B\u00e4ume &#8230;<\/div><\/div>\n<div class=\" pt-cv-content-item pt-cv-1-col\" ><div class=\"pt-cv-taxoterm above_title\"><a href='https:\/\/jubiontour.de\/?cat=73' title='2026 - AUS die 3. Woche' class='pt-cv-tax-2026-aus-die-3-woche'>2026 &#8211; AUS die 3. Woche<\/a><a href='https:\/\/jubiontour.de\/?cat=70' title='2026 - Australien' class='pt-cv-tax-2026-australien'>2026 &#8211; Australien<\/a><\/div>\n<h4 class=\"pt-cv-title\"><a href=\"https:\/\/jubiontour.de\/?p=2505\" class=\"_self\" target=\"_self\" >Kalgoorlie Teil 1<\/a><\/h4>\n<div class=\"pt-cv-content\">Hier und heute eine Sonderausgabe f\u00fcr Linus :-)Wir sind jetzt in Kalgoorlie, in der Stadt mit einer der gr\u00f6\u00dften Goldgruben,angekommen.Morgen fr\u00fch wollten wir mit einer der 1,5 Std. dauernden Minentour fahren &#8211; leider ausverkauft. Also haben wir f\u00fcr Donnerstag gebucht. Heute, am sp\u00e4ten Nachmittag sind wir kurz zum &#8222;Super Pit Lookout&#8220; gefahren. Hier eine Rundumsicht vom Lookout aus gesehen: ein paar der kleinen Trucks \ud83d\ude09 und einer der eine Panne hat &#8211; umgeben mit blau-wei\u00dfem Flatterband &#8211; da beachte man den kleinen Jeep daneben! Zum Schlu\u00df noch einen Blick zur\u00fcck und dann mussten wir zur\u00fcck auf unseren Stellplatz. Bis zu &#8230;<\/div><\/div>\n<div class=\" pt-cv-content-item pt-cv-1-col\" ><div class=\"pt-cv-taxoterm above_title\"><a href='https:\/\/jubiontour.de\/?cat=73' title='2026 - AUS die 3. Woche' class='pt-cv-tax-2026-aus-die-3-woche'>2026 &#8211; AUS die 3. Woche<\/a><a href='https:\/\/jubiontour.de\/?cat=70' title='2026 - Australien' class='pt-cv-tax-2026-australien'>2026 &#8211; Australien<\/a><\/div>\n<h4 class=\"pt-cv-title\"><a href=\"https:\/\/jubiontour.de\/?p=2501\" class=\"_self\" target=\"_self\" >Add-on f\u00fcr die Bahnfans<\/a><\/h4>\n<div class=\"pt-cv-content\">Heute haben wir unseren ersten Zug erwischt \ud83d\ude42 an einer &#8222;TransWA&#8220; Station Mitten im nirgendwo, ca 5 Minuten Fahrt von der Hautpstrasse entfernt entdeckten wir diese nagelneue Station. Eine Weile guckten wir rum, machten ein paar Bilder und auf einmal habe ich gesehen, dass eines der Signale auf gr\u00fcn umgesprungen war. Da mussten wir nat\u00fcrlich warten \ud83d\ude42 ACHTUNG &#8211; laut \ud83d\ude09 &#8230;. und nach 122 Waggons war Schlu\u00df (doch der Film w\u00e4re zu lang) Bis demn\u00e4chstBirgit &amp; J\u00fcrgen &#8230;<\/div><\/div>\n<div class=\" pt-cv-content-item pt-cv-1-col\" ><div class=\"pt-cv-taxoterm above_title\"><a href='https:\/\/jubiontour.de\/?cat=72' title='2026 - AUS die 2. Woche' class='pt-cv-tax-2026-aus-die-2-woche'>2026 &#8211; AUS die 2. Woche<\/a><a href='https:\/\/jubiontour.de\/?cat=70' title='2026 - Australien' class='pt-cv-tax-2026-australien'>2026 &#8211; Australien<\/a><\/div>\n<h4 class=\"pt-cv-title\"><a href=\"https:\/\/jubiontour.de\/?p=2492\" class=\"_self\" target=\"_self\" >Pemberton<\/a><\/h4>\n<div class=\"pt-cv-content\">Unsere n\u00e4chste Station nach der H\u00f6hle war dann etwas gem\u00fctlicher. Wir sind in Pemberton. Hier wollten wir eine Runde mit der &#8222;Pemberton Tramway&#8220; drehen. OK es war keine Tram &#8211; ich w\u00fcrde sagen ein mehr oder weniger normaler kleiner Triebwagen, besser 2. Aber sch\u00f6n war es trotzdem! Abfahrt Pemberton Hbf \u00dcber 3 Br\u00fccken ging es dann zu den &#8222;Cascades&#8220; Dort angekommen konnten wir die Cascaden besichtigen. Das &#8222;Ungeheuer von Pemberton&#8220;? Nach ca 20 Minuten Spaziergang ging es dann in voller Fahrt zur\u00fcck in den Bahnhof. Da hinten ist aktuell die Fahrt zu Ende. Ein Umfahrgleis gibt es auch, falls eine &#8230;<\/div><\/div>\n<div class=\" pt-cv-content-item pt-cv-1-col\" ><div class=\"pt-cv-taxoterm above_title\"><a href='https:\/\/jubiontour.de\/?cat=72' title='2026 - AUS die 2. Woche' class='pt-cv-tax-2026-aus-die-2-woche'>2026 &#8211; AUS die 2. Woche<\/a><a href='https:\/\/jubiontour.de\/?cat=70' title='2026 - Australien' class='pt-cv-tax-2026-australien'>2026 &#8211; Australien<\/a><\/div>\n<h4 class=\"pt-cv-title\"><a href=\"https:\/\/jubiontour.de\/?p=2478\" class=\"_self\" target=\"_self\" >H\u00f6hlenforscher<\/a><\/h4>\n<div class=\"pt-cv-content\">Heute, am 26.4.2026, standen H\u00f6hlen auf dem Programm. Es gibt derer 6 in der Margret-River Region. Wir hatten uns 2 &#8222;self-guided&#8220; ausgesucht. Den Anfang wollten wir mit der &#8222;Mammoth-cave&#8220; machen. Die war jedoch so voll, also die Parkpl\u00e4tze, dass wir mit unserem Geschoss keinen Platz mehr fanden. Also machten wir uns auf zu der N\u00e4chsten, das sollte die &#8222;The Giants Cave&#8220; sein. Wir hatten gelesen, es gibt keine Beleuchtung, man bekommt Helme mit Licht und dann kann man durch laufen. Empfangen wurden wir am Eingang von 2 netten Rangern (oder besser Rangerinnen?) denn es waren 2 Damen. Die Chefin der &#8230;<\/div><\/div>\n<div class=\" pt-cv-content-item pt-cv-1-col\" ><div class=\"pt-cv-taxoterm above_title\"><a href='https:\/\/jubiontour.de\/?cat=71' title='2026 - AUS die 1. Woche und der Start' class='pt-cv-tax-2026-aus-die-1-woche'>2026 &#8211; AUS die 1. Woche und der Start<\/a><a href='https:\/\/jubiontour.de\/?cat=70' title='2026 - Australien' class='pt-cv-tax-2026-australien'>2026 &#8211; Australien<\/a><\/div>\n<h4 class=\"pt-cv-title\"><a href=\"https:\/\/jubiontour.de\/?p=2476\" class=\"_self\" target=\"_self\" >und weiter geht die Reise \u2026<\/a><\/h4>\n<div class=\"pt-cv-content\">Nicht, dass ihr denkt wir haben euch vergessen :-)Es gibt demn\u00e4chst einige Berichte &#8211; spannend und dunkel und laut wird es. Das k\u00f6nnen wir versprechen! &#8230; und dann kurz auf Schienen &#8230;. Hier sieht man, welche Nationen in dieser Gegend viel unterwegs sind \ud83d\ude42 und jetzt hei\u00dft es wieder &#8222;Gute Nacht&#8220; (bei uns ist es immerhin schon nach 22 Uhr! Tsch\u00fc\u00df bis demn\u00e4chsteure Reisenen Birgit &amp; J\u00fcrgen &#8230;<\/div><\/div><\/div><\/div> <\/div> <style>\n#pt-cv-view-4l9usfms {text-align: left}\n#pt-cv-view-4l9usfms .pt-cv-content-item { border-style: none; }#pt-cv-view-4l9usfms .pt-cv-meta-fields {  }#pt-cv-view-4l9usfms .pt-cv-meta-fields * { font-size: 13px; }#pt-cv-view-4l9usfms .pt-cv-thumb-wrapper:not(.miniwrap) {  }#pt-cv-view-4l9usfms .pt-cv-thumbnail:not(.pt-cv-thumbnailsm) { height: 250px; }#pt-cv-view-4l9usfms .pt-cv-title a { display: block; }#pt-cv-view-4l9usfms .pt-cv-title:not(.pt-cv-titlesm) a { font-weight: 600;text-decoration: none;font-size: 20px; }#pt-cv-view-4l9usfms .pt-cv-titlesm a { font-weight: 600;font-size: 18px; }#pt-cv-view-4l9usfms .pt-cv-content { font-size: 15px; }#pt-cv-view-4l9usfms .pt-cv-rmwrap {  }#pt-cv-view-4l9usfms .pt-cv-readmore { color: #fff;background-color: #0075ff;font-size: 14px; }#pt-cv-view-4l9usfms .pt-cv-taxoterm {  }#pt-cv-view-4l9usfms .pt-cv-taxoterm * { color: #222;background-color: #fff6f6;font-size: 14px; }#pt-cv-view-4l9usfms + .pt-cv-pagination-wrapper {  }#pt-cv-view-4l9usfms + .pt-cv-pagination-wrapper a { font-size: 14px; }#pt-cv-view-4l9usfms > .pt-cv-page {grid-template-columns: repeat(1, 1fr);grid-gap: 20px;}\n@media all and (max-width: 1024px) { \n#pt-cv-view-4l9usfms > .pt-cv-page {}\n} \n@media all and (max-width: 767px) { \n#pt-cv-view-4l9usfms > .pt-cv-page {grid-template-columns: repeat(1, 1fr);}\n} <\/style>\n\n\n<p><\/p>\n","protected":false},"excerpt":{"rendered":"","protected":false},"author":1,"featured_media":0,"parent":0,"menu_order":0,"comment_status":"closed","ping_status":"closed","template":"","meta":{"colormag_page_container_layout":"no_sidebar_full_width","colormag_page_sidebar_layout":"right_sidebar","footnotes":""},"class_list":["post-2428","page","type-page","status-publish","hentry"],"_links":{"self":[{"href":"https:\/\/jubiontour.de\/index.php?rest_route=\/wp\/v2\/pages\/2428","targetHints":{"allow":["GET"]}}],"collection":[{"href":"https:\/\/jubiontour.de\/index.php?rest_route=\/wp\/v2\/pages"}],"about":[{"href":"https:\/\/jubiontour.de\/index.php?rest_route=\/wp\/v2\/types\/page"}],"author":[{"embeddable":true,"href":"https:\/\/jubiontour.de\/index.php?rest_route=\/wp\/v2\/users\/1"}],"replies":[{"embeddable":true,"href":"https:\/\/jubiontour.de\/index.php?rest_route=%2Fwp%2Fv2%2Fcomments&post=2428"}],"version-history":[{"count":3,"href":"https:\/\/jubiontour.de\/index.php?rest_route=\/wp\/v2\/pages\/2428\/revisions"}],"predecessor-version":[{"id":2490,"href":"https:\/\/jubiontour.de\/index.php?rest_route=\/wp\/v2\/pages\/2428\/revisions\/2490"}],"wp:attachment":[{"href":"https:\/\/jubiontour.de\/index.php?rest_route=%2Fwp%2Fv2%2Fmedia&parent=2428"}],"curies":[{"name":"wp","href":"https:\/\/api.w.org\/{rel}","templated":true}]}}