{"id":280,"date":"2014-08-13T14:47:37","date_gmt":"2014-08-13T12:47:37","guid":{"rendered":"https:\/\/jubiontour.de\/?page_id=280"},"modified":"2025-08-16T16:49:39","modified_gmt":"2025-08-16T14:49:39","slug":"start","status":"publish","type":"page","link":"https:\/\/jubiontour.de\/?page_id=280","title":{"rendered":"Start"},"content":{"rendered":"<p>Moin liebe Besucher unserer Seite,<\/p>\n<h3><em><strong>sch\u00f6n, dass Ihr uns gefunden habt <a href=\"https:\/\/jubiontour.de\/?page_id=2362\">\ud83d\ude42<\/a><\/strong><\/em><\/h3>\n<p>diesen Blog haben wir im Jahre 2013 auf unserer 2. Wohnmobilreise und der 1. Reise nach Canada angefangen.<\/p>\n<p><em>Auf der Seite &#8222;<a href=\"https:\/\/jubiontour.de\/?page_id=1529\">alte Urlaube<\/a>&#8220; findet ihr ein paar unserer Urlaube vor 2013!<br \/>\n<\/em><\/p>\n<p>Wo wir sonst noch so waren k\u00f6nnt ihr aus dem Men\u00fc oben ersehen. St\u00f6bert doch gerne mal durch, wenn ihr uns noch nicht von Anfang an begleitet habt.<\/p>\n<p>F\u00fcr unseren Blog gibt es auch ein Newsletter-System. Immer wenn ein neuer Beitrag ver\u00f6ffentlicht wird, bekommst Du eine Mail. Um in diese Liste eingetragen zu werden sende mir bitte eine Mail an juergen {add} jubiontour.de.<\/p>\n<p>Dann mal viel Spa\u00df und Danke schon mal im Vorwege f\u00fcr Kommentare \ud83d\ude42<\/p>\n","protected":false},"excerpt":{"rendered":"<p>Moin liebe Besucher unserer Seite, sch\u00f6n, dass Ihr uns gefunden habt \ud83d\ude42 diesen Blog haben wir im Jahre 2013 auf<\/p>\n","protected":false},"author":1,"featured_media":0,"parent":0,"menu_order":0,"comment_status":"closed","ping_status":"closed","template":"","meta":{"colormag_page_container_layout":"default_layout","colormag_page_sidebar_layout":"default_layout","footnotes":""},"class_list":["post-280","page","type-page","status-publish","hentry"],"_links":{"self":[{"href":"https:\/\/jubiontour.de\/index.php?rest_route=\/wp\/v2\/pages\/280","targetHints":{"allow":["GET"]}}],"collection":[{"href":"https:\/\/jubiontour.de\/index.php?rest_route=\/wp\/v2\/pages"}],"about":[{"href":"https:\/\/jubiontour.de\/index.php?rest_route=\/wp\/v2\/types\/page"}],"author":[{"embeddable":true,"href":"https:\/\/jubiontour.de\/index.php?rest_route=\/wp\/v2\/users\/1"}],"replies":[{"embeddable":true,"href":"https:\/\/jubiontour.de\/index.php?rest_route=%2Fwp%2Fv2%2Fcomments&post=280"}],"version-history":[{"count":2,"href":"https:\/\/jubiontour.de\/index.php?rest_route=\/wp\/v2\/pages\/280\/revisions"}],"predecessor-version":[{"id":2381,"href":"https:\/\/jubiontour.de\/index.php?rest_route=\/wp\/v2\/pages\/280\/revisions\/2381"}],"wp:attachment":[{"href":"https:\/\/jubiontour.de\/index.php?rest_route=%2Fwp%2Fv2%2Fmedia&parent=280"}],"curies":[{"name":"wp","href":"https:\/\/api.w.org\/{rel}","templated":true}]}}