{"id":63,"date":"2013-06-09T02:53:05","date_gmt":"2013-06-09T01:53:05","guid":{"rendered":"https:\/\/jubiontour.de\/?page_id=63"},"modified":"2013-06-17T12:59:02","modified_gmt":"2013-06-17T11:59:02","slug":"die-erste-woche","status":"publish","type":"page","link":"https:\/\/jubiontour.de\/?page_id=63","title":{"rendered":"Die erste Woche"},"content":{"rendered":"<p>Jetzt sind wir also angekommen und es geht los!<br \/>\nDie erste Woche vom 8.6.2013 mit Toronto, voraussichtlich Niagara Falls und dann in die W\u00e4lder.<\/p>\n<p>1. <a href=\"https:\/\/jubiontour.de\/?p=66\">Die Anreise<\/a><br \/>\n2. <a href=\"https:\/\/jubiontour.de\/?p=76\">Es geht los<\/a><br \/>\n3. <a href=\"https:\/\/jubiontour.de\/?p=82\">Die Niagara Falls<\/a><br \/>\n4. <a href=\"https:\/\/jubiontour.de\/?p=81\">Jetzt sind wir &#8222;on the road&#8220;<\/a><br \/>\n5. <a href=\"https:\/\/jubiontour.de\/?p=92\">Parlez vous francais? n\u00f6\u00f6\u00f6\u00f6\u00f6 \ud83d\ude09<\/a><br \/>\n3. <a href=\"https:\/\/jubiontour.de\/?p=104\">Der Elch<\/a><\/p>\n","protected":false},"excerpt":{"rendered":"<p>Jetzt sind wir also angekommen und es geht los! Die erste Woche vom 8.6.2013 mit Toronto, voraussichtlich Niagara Falls und<\/p>\n","protected":false},"author":1,"featured_media":0,"parent":0,"menu_order":0,"comment_status":"open","ping_status":"open","template":"","meta":{"colormag_page_container_layout":"default_layout","colormag_page_sidebar_layout":"default_layout","footnotes":""},"class_list":["post-63","page","type-page","status-publish","hentry"],"_links":{"self":[{"href":"https:\/\/jubiontour.de\/index.php?rest_route=\/wp\/v2\/pages\/63","targetHints":{"allow":["GET"]}}],"collection":[{"href":"https:\/\/jubiontour.de\/index.php?rest_route=\/wp\/v2\/pages"}],"about":[{"href":"https:\/\/jubiontour.de\/index.php?rest_route=\/wp\/v2\/types\/page"}],"author":[{"embeddable":true,"href":"https:\/\/jubiontour.de\/index.php?rest_route=\/wp\/v2\/users\/1"}],"replies":[{"embeddable":true,"href":"https:\/\/jubiontour.de\/index.php?rest_route=%2Fwp%2Fv2%2Fcomments&post=63"}],"version-history":[{"count":10,"href":"https:\/\/jubiontour.de\/index.php?rest_route=\/wp\/v2\/pages\/63\/revisions"}],"predecessor-version":[{"id":111,"href":"https:\/\/jubiontour.de\/index.php?rest_route=\/wp\/v2\/pages\/63\/revisions\/111"}],"wp:attachment":[{"href":"https:\/\/jubiontour.de\/index.php?rest_route=%2Fwp%2Fv2%2Fmedia&parent=63"}],"curies":[{"name":"wp","href":"https:\/\/api.w.org\/{rel}","templated":true}]}}